{"id":780,"date":"2019-11-15T07:32:14","date_gmt":"2019-11-15T07:32:14","guid":{"rendered":"https:\/\/demo.casethemes.net\/consultio-digital\/?post_type=product&#038;p=780"},"modified":"2026-01-14T19:20:53","modified_gmt":"2026-01-15T00:20:53","slug":"plan-experto","status":"publish","type":"product","link":"https:\/\/www.qualitydiseno.com\/en\/product\/plan-experto\/","title":{"rendered":"Expert Plan"},"content":{"rendered":"<p>Con el Plan Experto ofrezca sus productos por Internet, teniendo en cuenta que pueden estar publicados los productos o servicios las 24 horas del d\u00eda de todos el a\u00f1o. Desarrollo profesional experto E-comerce de f\u00e1cil administraci\u00f3n, autogestionable.<\/p>\n<ul>\n<li>Website with e-commerce<\/li>\n<li>5 sections or menus<\/li>\n<li>Personal profile for frequent customers, optional<\/li>\n<li>5 content administrator users with profiles<\/li>\n<li>Template-based designs<\/li>\n<li>Animated slider; banner on your homepage<\/li>\n<li>Image gallery of up to 50 products for sale<\/li>\n<li>Website loading speed<\/li>\n<li>Video space, maximum 10<\/li>\n<li>Contact form, create your own funnel<\/li>\n<li>Chatbot or Direct WhatsApp Chat<\/li>\n<li>SSL security certification<\/li>\n<li>Direct view to your social media<\/li>\n<li>Antivirus + LiteSpeed<\/li>\n<li>Support only for Hosting for the first 3 months<\/li>\n<li>Training, delivery of tutorials, videos.<\/li>\n<li>Development takes a month or more, depending on the project*<\/li>\n<li>Shopping cart<\/li>\n<li>Payment gateways (Epayco \u2013 Payu \u2013 Wompi)<\/li>\n<li>Shipping management for physical products<\/li>\n<li>Basic SEO positioning<\/li>\n<li>Free hosting and domain for 1 year<\/li>\n<li>Map with geolocation<\/li>\n<\/ul>","protected":false},"excerpt":{"rendered":"<p>Con el Plan Experto ofrezca sus productos por Internet, teniendo en cuenta que pueden estar publicados los productos o servicios las 24 horas del d\u00eda de todos el a\u00f1o. Desarrollo profesional experto E-comerce de f\u00e1cil administraci\u00f3n, autogestionable.<\/p>","protected":false},"featured_media":8184,"comment_status":"open","ping_status":"closed","template":"","meta":{"rs_blank_template":"","rs_page_bg_color":"","slide_template_v7":""},"product_brand":[],"product_cat":[73],"product_tag":[],"class_list":{"0":"post-780","1":"product","2":"type-product","3":"status-publish","4":"has-post-thumbnail","6":"product_cat-planes-web","8":"first","9":"instock","10":"shipping-taxable","11":"purchasable","12":"product-type-variable"},"_links":{"self":[{"href":"https:\/\/www.qualitydiseno.com\/en\/wp-json\/wp\/v2\/product\/780","targetHints":{"allow":["GET"]}}],"collection":[{"href":"https:\/\/www.qualitydiseno.com\/en\/wp-json\/wp\/v2\/product"}],"about":[{"href":"https:\/\/www.qualitydiseno.com\/en\/wp-json\/wp\/v2\/types\/product"}],"replies":[{"embeddable":true,"href":"https:\/\/www.qualitydiseno.com\/en\/wp-json\/wp\/v2\/comments?post=780"}],"wp:featuredmedia":[{"embeddable":true,"href":"https:\/\/www.qualitydiseno.com\/en\/wp-json\/wp\/v2\/media\/8184"}],"wp:attachment":[{"href":"https:\/\/www.qualitydiseno.com\/en\/wp-json\/wp\/v2\/media?parent=780"}],"wp:term":[{"taxonomy":"product_brand","embeddable":true,"href":"https:\/\/www.qualitydiseno.com\/en\/wp-json\/wp\/v2\/product_brand?post=780"},{"taxonomy":"product_cat","embeddable":true,"href":"https:\/\/www.qualitydiseno.com\/en\/wp-json\/wp\/v2\/product_cat?post=780"},{"taxonomy":"product_tag","embeddable":true,"href":"https:\/\/www.qualitydiseno.com\/en\/wp-json\/wp\/v2\/product_tag?post=780"}],"curies":[{"name":"wp","href":"https:\/\/api.w.org\/{rel}","templated":true}]}}