{"id":8389,"date":"2022-06-10T16:39:55","date_gmt":"2022-06-10T21:39:55","guid":{"rendered":"https:\/\/www.qualitydiseno.com\/?page_id=8389"},"modified":"2024-04-26T17:35:34","modified_gmt":"2024-04-26T22:35:34","slug":"pagos-recurrentes-o-frecuentes","status":"publish","type":"page","link":"https:\/\/www.qualitydiseno.com\/en\/pagos-recurrentes-o-frecuentes\/","title":{"rendered":"Recurring or frequent payments"},"content":{"rendered":"<div data-elementor-type=\"wp-page\" data-elementor-id=\"8389\" class=\"elementor elementor-8389\" data-elementor-post-type=\"page\">\n\t\t\t\t        <section class=\"elementor-section elementor-top-section elementor-element elementor-element-35ebeef elementor-section-stretched elementor-section-boxed elementor-section-height-default elementor-section-height-default ct-header-fixed-none ct-row-max-none\" data-id=\"35ebeef\" data-element_type=\"section\" data-e-type=\"section\" data-settings=\"{&quot;stretch_section&quot;:&quot;section-stretched&quot;,&quot;background_background&quot;:&quot;classic&quot;}\">\n            \n                        <div class=\"elementor-container elementor-column-gap-extended\">\n                    <div class=\"elementor-column elementor-col-50 elementor-top-column elementor-element elementor-element-8c27832\" data-id=\"8c27832\" data-element_type=\"column\" data-e-type=\"column\">\n        <div class=\"elementor-widget-wrap elementor-element-populated\">\n                    \n        \r\n\t\t<div class=\"elementor-element elementor-element-b5f7aa2 elementor-widget elementor-widget-ct_heading\" data-id=\"b5f7aa2\" data-element_type=\"widget\" data-e-type=\"widget\" data-widget_type=\"ct_heading.default\">\n\t\t\t\t<div class=\"elementor-widget-container\">\n\t\t\t\t\t<div id=\"ct_heading-b5f7aa2\" class=\"ct-heading h-align- sub-style1 ct-heading-left item-st-default\">\r\n    <div class=\"ct-item--inner\">\r\n        <div class=\"ct-inline-css\" data-css=\"            \">\r\n        <\/div>\r\n                    <div class=\"item--sub-title style1 show-line\">\r\n                                                                Recurring or frequent payments                                                                            <\/div>\r\n                <h3 class=\"item--title st-default case-animate-time\" data-wow-delay=\"ms\">\r\n                        <span class=\"sp-main\">\r\n                \r\n                Cancela tus pagos <b>de manera r\u00e1pida y segura!<\/b>\r\n                \r\n                            <\/span>\r\n                    <\/h3>\r\n    <\/div>\r\n<\/div>\t\t\t\t<\/div>\n\t\t\t\t<\/div>\n\t\t\t\t<div class=\"elementor-element elementor-element-6cc7ca20 elementor-widget elementor-widget-ct_fancy_box\" data-id=\"6cc7ca20\" data-element_type=\"widget\" data-e-type=\"widget\" data-widget_type=\"ct_fancy_box.default\">\n\t\t\t\t<div class=\"elementor-widget-container\">\n\t\t\t\t\t<div class=\"ct-fancy-box ct-fancy-box-layout1 style1\" data-wow-delay=\"ms\">\r\n            <div class=\"item--icon\">\r\n            <span class=\"item--shape\"><\/span>\r\n            <i aria-hidden=\"true\" class=\"fas fa-map-marker-alt\"><\/i>                            <a class=\"item--link\" href=\"#\"><\/a>\r\n                    <\/div>\r\n            <div class=\"item--holder\">\r\n                    <h3 class=\"item--title\">\r\n                Direcci\u00f3n de la oficina central:            <\/h3>\r\n                <div class=\"item--description\">Calle 167a No. 17 Tober\u00edn, Usaqu\u00e9n\nBogot\u00e1, Colombia<\/div>\r\n    <\/div>\r\n<\/div>\t\t\t\t<\/div>\n\t\t\t\t<\/div>\n\t\t\t\t<div class=\"elementor-element elementor-element-5fc35b57 elementor-widget elementor-widget-ct_fancy_box\" data-id=\"5fc35b57\" data-element_type=\"widget\" data-e-type=\"widget\" data-widget_type=\"ct_fancy_box.default\">\n\t\t\t\t<div class=\"elementor-widget-container\">\n\t\t\t\t\t<div class=\"ct-fancy-box ct-fancy-box-layout1 style1\" data-wow-delay=\"ms\">\r\n            <div class=\"item--icon\">\r\n            <span class=\"item--shape\"><\/span>\r\n            <i aria-hidden=\"true\" class=\"fas fa-envelope\"><\/i>                            <a class=\"item--link\" href=\"#\"><\/a>\r\n                    <\/div>\r\n            <div class=\"item--holder\">\r\n                    <h3 class=\"item--title\">\r\n                Correos para env\u00edo de informaci\u00f3n:            <\/h3>\r\n                <div class=\"item--description\">contacto@qualitydiseno.com<br\/>\nwebmaster@qualitydiseno.com<\/div>\r\n    <\/div>\r\n<\/div>\t\t\t\t<\/div>\n\t\t\t\t<\/div>\n\t\t\t\t<div class=\"elementor-element elementor-element-7087f74b elementor-widget elementor-widget-ct_fancy_box\" data-id=\"7087f74b\" data-element_type=\"widget\" data-e-type=\"widget\" data-widget_type=\"ct_fancy_box.default\">\n\t\t\t\t<div class=\"elementor-widget-container\">\n\t\t\t\t\t<div class=\"ct-fancy-box ct-fancy-box-layout1 style1\" data-wow-delay=\"ms\">\r\n            <div class=\"item--icon\">\r\n            <span class=\"item--shape\"><\/span>\r\n            <i aria-hidden=\"true\" class=\"fas fa-phone-alt\"><\/i>                            <a class=\"item--link\" href=\"#\"><\/a>\r\n                    <\/div>\r\n            <div class=\"item--holder\">\r\n                    <h3 class=\"item--title\">\r\n                Llama para verificar pago:            <\/h3>\r\n                <div class=\"item--description\">(310) 785-5449<br\/>\n<\/div>\r\n    <\/div>\r\n<\/div>\t\t\t\t<\/div>\n\t\t\t\t<\/div>\n\t\t            <\/div>\n        <\/div>\n                <div class=\"elementor-column elementor-col-50 elementor-top-column elementor-element elementor-element-dfda162\" data-id=\"dfda162\" data-element_type=\"column\" data-e-type=\"column\">\n        <div class=\"elementor-widget-wrap elementor-element-populated\">\n                    \n        \t\t<div class=\"elementor-element elementor-element-76be961 elementor-widget elementor-widget-ct_text_editor\" data-id=\"76be961\" data-element_type=\"widget\" data-e-type=\"widget\" data-widget_type=\"ct_text_editor.default\">\n\t\t\t\t<div class=\"elementor-widget-container\">\n\t\t\t\t\t<div id=\"ct_text_editor-76be961\" class=\"ct-text-editor\" data-wow-delay=\"ms\">\n\t<div class=\"ct-item--inner\">\n\t\t<div class=\"ct-inline-css\"  data-css=\"\t        \t\t\t\">\n\n\t    <\/div>\n\t\t<div class=\"ct-text-editor elementor-clearfix\">\n\t\t\t<p>Para registrar su pago de manera segura haz clic en el bot\u00f3n y llena los campos del formulario para verificar *<\/p>\t\t\n\t\t<\/div>\n\t<\/div>\n<\/div>\t\t\t\t<\/div>\n\t\t\t\t<\/div>\n\t\t\t\t<div class=\"elementor-element elementor-element-4b328c7 elementor-widget elementor-widget-html\" data-id=\"4b328c7\" data-element_type=\"widget\" data-e-type=\"widget\" data-widget_type=\"html.default\">\n\t\t\t\t<div class=\"elementor-widget-container\">\n\t\t\t\t\t<!-- =====================================================================\r\n          \/\/\/\/\/\/\/\/\/\/\/   Este es su bot\u00f3n de Pago Abierto ePayco   \/\/\/\/\/\/\/\/\/\/\/\r\n         ===================================================================== -->\r\n        <form id=\"frm_ePaycoCheckoutOpen\" \r\n              name=\"frm_ePaycoCheckoutOpen\" \r\n              method=\"POST\" \r\n              action=\"https:\/\/secure.payco.co\/checkoutopen.php\">\r\n            \r\n              <input name=\"p_cust_id_cliente\" type=\"hidden\" value=\"61834\"\/>\r\n              <input name=\"p_key\" type=\"hidden\" value=\"97f483f011b8b41a20897851ed8da2ab28419b67\"\/>\r\n              <input name=\"p_id_factura\" type=\"hidden\" value=\"\"\/>\r\n              <input name=\"p_description\" type=\"hidden\" value=\"Pagos recurrentes\"\/>\r\n              <input name=\"p_detalle\" type=\"hidden\" value=\"\"\/>\r\n              <input name=\"p_referencia\" type=\"hidden\" value=\"\"\/>\r\n              <input name=\"p_test_request\" type=\"hidden\" value=\"false\"\/>\r\n              <input name=\"p_url_respuesta\" type=\"hidden\" value=\"\"\/>\r\n              <input name=\"p_url_confirmacion\" type=\"hidden\" value=\"\"\/>\r\n              <input type=\"image\" id=\"imagen\" src=\"https:\/\/multimedia.epayco.co\/dashboard\/btns\/btn5.png\" alt=\"\"\/>\r\n              <input type=\"hidden\" id=\"idboton\" name=\"idboton\" value=\"46183\"\/>\r\n                                \r\n        <\/form> <!-- ================================================================== -->\t\t\t\t<\/div>\n\t\t\t\t<\/div>\n\t\t\t\t<div class=\"elementor-element elementor-element-099de53 elementor-widget elementor-widget-ct_image\" data-id=\"099de53\" data-element_type=\"widget\" data-e-type=\"widget\" data-widget_type=\"ct_image.default\">\n\t\t\t\t<div class=\"elementor-widget-container\">\n\t\t\t\t\t<div class=\"ct-image-single img-type-img ct-no-effect\" data-wow-delay=\"ms\">\r\n                        <img fetchpriority=\"high\" decoding=\"async\" width=\"1200\" height=\"1200\" src=\"https:\/\/www.qualitydiseno.com\/wp-content\/uploads\/2022\/06\/pago-recurrente.jpg\" class=\"attachment-full\" alt=\"\" \/>            <\/div>\t\t\t\t<\/div>\n\t\t\t\t<\/div>\n\t\t            <\/div>\n        <\/div>\n                    <\/div>\n        <\/section>\n        \t\t<\/div>","protected":false},"excerpt":{"rendered":"<p>Pagos recurrentes o frecuentes Cancela tus pagos de manera r\u00e1pida y segura! &nbsp; Direcci\u00f3n de la oficina central: Calle 167a No. 17 Tober\u00edn, Usaqu\u00e9n Bogot\u00e1, Colombia Correos para env\u00edo de informaci\u00f3n: contacto@qualitydiseno.com webmaster@qualitydiseno.com Llama para verificar pago: (310) 785-5449 Para registrar su pago de manera segura haz clic en el bot\u00f3n y llena los campos [&hellip;]<\/p>\n","protected":false},"author":1,"featured_media":0,"parent":0,"menu_order":0,"comment_status":"closed","ping_status":"closed","template":"","meta":{"rs_blank_template":"","rs_page_bg_color":"","slide_template_v7":"","footnotes":""},"yst_prominent_words":[],"class_list":["post-8389","page","type-page","status-publish","hentry"],"_links":{"self":[{"href":"https:\/\/www.qualitydiseno.com\/en\/wp-json\/wp\/v2\/pages\/8389","targetHints":{"allow":["GET"]}}],"collection":[{"href":"https:\/\/www.qualitydiseno.com\/en\/wp-json\/wp\/v2\/pages"}],"about":[{"href":"https:\/\/www.qualitydiseno.com\/en\/wp-json\/wp\/v2\/types\/page"}],"author":[{"embeddable":true,"href":"https:\/\/www.qualitydiseno.com\/en\/wp-json\/wp\/v2\/users\/1"}],"replies":[{"embeddable":true,"href":"https:\/\/www.qualitydiseno.com\/en\/wp-json\/wp\/v2\/comments?post=8389"}],"version-history":[{"count":1,"href":"https:\/\/www.qualitydiseno.com\/en\/wp-json\/wp\/v2\/pages\/8389\/revisions"}],"predecessor-version":[{"id":9198,"href":"https:\/\/www.qualitydiseno.com\/en\/wp-json\/wp\/v2\/pages\/8389\/revisions\/9198"}],"wp:attachment":[{"href":"https:\/\/www.qualitydiseno.com\/en\/wp-json\/wp\/v2\/media?parent=8389"}],"wp:term":[{"taxonomy":"yst_prominent_words","embeddable":true,"href":"https:\/\/www.qualitydiseno.com\/en\/wp-json\/wp\/v2\/yst_prominent_words?post=8389"}],"curies":[{"name":"wp","href":"https:\/\/api.w.org\/{rel}","templated":true}]}}