{"id":7022,"date":"2021-09-16T20:08:50","date_gmt":"2021-09-17T01:08:50","guid":{"rendered":"http:\/\/localhost\/qualitydiseno\/?page_id=7022"},"modified":"2023-11-14T18:12:07","modified_gmt":"2023-11-14T23:12:07","slug":"novedades","status":"publish","type":"page","link":"https:\/\/www.qualitydiseno.com\/en\/novedades\/","title":{"rendered":"New features"},"content":{"rendered":"<div data-elementor-type=\"wp-page\" data-elementor-id=\"7022\" class=\"elementor elementor-7022\" data-elementor-post-type=\"page\">\n\t\t\t\t        <section class=\"elementor-section elementor-top-section elementor-element elementor-element-9549dba elementor-section-boxed elementor-section-height-default elementor-section-height-default ct-header-fixed-none ct-row-max-none\" data-id=\"9549dba\" data-element_type=\"section\" data-e-type=\"section\">\n            \n                        <div class=\"elementor-container elementor-column-gap-extended\">\n                    <div class=\"elementor-column elementor-col-100 elementor-top-column elementor-element elementor-element-fba6296\" data-id=\"fba6296\" data-element_type=\"column\" data-e-type=\"column\">\n        <div class=\"elementor-widget-wrap elementor-element-populated\">\n                    \n                <section class=\"elementor-section elementor-inner-section elementor-element elementor-element-099b9f1 elementor-section-boxed elementor-section-height-default elementor-section-height-default ct-header-fixed-none ct-row-max-none\" data-id=\"099b9f1\" data-element_type=\"section\" data-e-type=\"section\">\n            \n                        <div class=\"elementor-container elementor-column-gap-default\">\n                    <div class=\"elementor-column elementor-col-100 elementor-inner-column elementor-element elementor-element-6d7936f\" data-id=\"6d7936f\" data-element_type=\"column\" data-e-type=\"column\">\n        <div class=\"elementor-widget-wrap elementor-element-populated\">\n                    \n        \r\n\t\t<div class=\"elementor-element elementor-element-eaac6d7 elementor-widget elementor-widget-text-editor\" data-id=\"eaac6d7\" data-element_type=\"widget\" data-e-type=\"widget\" data-widget_type=\"text-editor.default\">\n\t\t\t\t<div class=\"elementor-widget-container\">\n\t\t\t\t\t\t\t\t\t<blockquote><p style=\"text-align: center;\">We share the latest news and innovations in information and communication technologies. Don&#039;t forget to comment on our posts.<\/p><\/blockquote>\t\t\t\t\t\t\t\t<\/div>\n\t\t\t\t<\/div>\n\t\t            <\/div>\n        <\/div>\n                    <\/div>\n        <\/section>\n        \t\t<div class=\"elementor-element elementor-element-94a4695 elementor-widget elementor-widget-ct_blog_grid\" data-id=\"94a4695\" data-element_type=\"widget\" data-e-type=\"widget\" data-widget_type=\"ct_blog_grid.default\">\n\t\t\t\t<div class=\"elementor-widget-container\">\n\t\t\t\t\t\r\n<div id=\"ct_blog_grid-94a4695\" class=\"ct-grid ct-blog-grid ct-blog-grid-layout1\" data-layout=\"masonry\" data-start-page=\"1\" data-max-pages=\"1\" data-total=\"6\" data-perpage=\"6\" data-next-link=\"\">\r\n    <div class=\"ct-grid-overlay\"><\/div>\r\n    \r\n    <div class=\"ct-grid-inner ct-grid-masonry row animate-time\" data-gutter=\"15\">\r\n                    <div class=\"grid-sizer col-xl-6 col-lg-6 col-md-6 col-sm-6 col-12\"><\/div>\r\n                                <div class=\"grid-item col-xl-6 col-lg-6 col-md-6 col-sm-6 col-12 filter-category-56\">\r\n                    <div class=\"grid-item-inner wow fadeInUp\">\r\n                                                    <div class=\"entry-featured\">\r\n                                <a href=\"https:\/\/www.qualitydiseno.com\/en\/con-la-proxima-version-de-chrome-99-podras-firmar-a-mano-documentos-sin-plugins-externos\/\"><img fetchpriority=\"high\" decoding=\"async\" class=\"disable-lazy no-lazyload\" src=\"https:\/\/www.qualitydiseno.com\/wp-content\/uploads\/2022\/02\/chrome-99-beta-600x414.webp\" width=\"600\" height=\"414\" alt=\"chrome-99-beta\" title=\"chrome-99-beta\" \/><\/a>\r\n                            <\/div>\r\n                                                <div class=\"entry-body\">\r\n                            <div class=\"entry-holder\">\r\n                                                                    <ul class=\"entry-meta\">\r\n                                                                                    <li class=\"item-date\"><i class=\"fac fac-calendar-alt\"><\/i>February 7, 2022<\/li>\r\n                                                                                                                            <li class=\"item-author\">\r\n                                                <a href=\"https:\/\/www.qualitydiseno.com\/en\/author\/admin\/\"><i class=\"fac fac-user\"><\/i>Admin<\/a><\/li>\r\n                                                                            <\/ul>\r\n                                                                <h3 class=\"entry-title\"><a href=\"https:\/\/www.qualitydiseno.com\/en\/con-la-proxima-version-de-chrome-99-podras-firmar-a-mano-documentos-sin-plugins-externos\/\">With the upcoming version of Chrome 99, you&#039;ll be able to hand-sign documents without external plugins.<\/a><\/h3>\r\n                                                                    <div class=\"entry-readmore\">\r\n                                        <a href=\"https:\/\/www.qualitydiseno.com\/en\/con-la-proxima-version-de-chrome-99-podras-firmar-a-mano-documentos-sin-plugins-externos\/\">\r\n                                            Read more                                            <i class=\"fac fac-angle-double-right space-left\"><\/i>\r\n                                        <\/a>\r\n                                    <\/div>\r\n                                                            <\/div>\r\n                        <\/div>\r\n                    <\/div>\r\n                <\/div>\r\n                            <div class=\"grid-item col-xl-6 col-lg-6 col-md-6 col-sm-6 col-12 filter-category-55\">\r\n                    <div class=\"grid-item-inner wow fadeInUp\">\r\n                                                    <div class=\"entry-featured\">\r\n                                <a href=\"https:\/\/www.qualitydiseno.com\/en\/relacion-del-seo-y-hosting-web\/\"><img decoding=\"async\" class=\"disable-lazy no-lazyload\" src=\"\" width=\"\" height=\"\" alt=\"relationship-of-seo-and-web-hosting\" title=\"relationship-of-seo-and-web-hosting\" \/><\/a>\r\n                            <\/div>\r\n                                                <div class=\"entry-body\">\r\n                            <div class=\"entry-holder\">\r\n                                                                    <ul class=\"entry-meta\">\r\n                                                                                    <li class=\"item-date\"><i class=\"fac fac-calendar-alt\"><\/i>January 7, 2022<\/li>\r\n                                                                                                                            <li class=\"item-author\">\r\n                                                <a href=\"https:\/\/www.qualitydiseno.com\/en\/author\/admin\/\"><i class=\"fac fac-user\"><\/i>Admin<\/a><\/li>\r\n                                                                            <\/ul>\r\n                                                                <h3 class=\"entry-title\"><a href=\"https:\/\/www.qualitydiseno.com\/en\/relacion-del-seo-y-hosting-web\/\">Relationship between SEO and Web Hosting<\/a><\/h3>\r\n                                                                    <div class=\"entry-readmore\">\r\n                                        <a href=\"https:\/\/www.qualitydiseno.com\/en\/relacion-del-seo-y-hosting-web\/\">\r\n                                            Read more                                            <i class=\"fac fac-angle-double-right space-left\"><\/i>\r\n                                        <\/a>\r\n                                    <\/div>\r\n                                                            <\/div>\r\n                        <\/div>\r\n                    <\/div>\r\n                <\/div>\r\n                            <div class=\"grid-item col-xl-6 col-lg-6 col-md-6 col-sm-6 col-12 filter-category-57 filter-category-56\">\r\n                    <div class=\"grid-item-inner wow fadeInUp\">\r\n                                                    <div class=\"entry-featured\">\r\n                                <a href=\"https:\/\/www.qualitydiseno.com\/en\/como-integrarse-con-ccb-y-ampliarse-en-el-mercado\/\"><img decoding=\"async\" class=\"disable-lazy no-lazyload\" src=\"https:\/\/www.qualitydiseno.com\/wp-content\/uploads\/2019\/11\/como-integrarse-con-ccb-y-ampliarse-en-el-mercado-600x414.jpg\" width=\"600\" height=\"414\" alt=\"how-to-integrate-with-ccb-and-expand-in-the-market\" title=\"how-to-integrate-with-ccb-and-expand-in-the-market\" \/><\/a>\r\n                            <\/div>\r\n                                                <div class=\"entry-body\">\r\n                            <div class=\"entry-holder\">\r\n                                                                    <ul class=\"entry-meta\">\r\n                                                                                    <li class=\"item-date\"><i class=\"fac fac-calendar-alt\"><\/i>March 1, 2021<\/li>\r\n                                                                                                                            <li class=\"item-author\">\r\n                                                <a href=\"https:\/\/www.qualitydiseno.com\/en\/author\/admin\/\"><i class=\"fac fac-user\"><\/i>Admin<\/a><\/li>\r\n                                                                            <\/ul>\r\n                                                                <h3 class=\"entry-title\"><a href=\"https:\/\/www.qualitydiseno.com\/en\/como-integrarse-con-ccb-y-ampliarse-en-el-mercado\/\">How to integrate with CCB and expand in the market?<\/a><\/h3>\r\n                                                                    <div class=\"entry-readmore\">\r\n                                        <a href=\"https:\/\/www.qualitydiseno.com\/en\/como-integrarse-con-ccb-y-ampliarse-en-el-mercado\/\">\r\n                                            Read more                                            <i class=\"fac fac-angle-double-right space-left\"><\/i>\r\n                                        <\/a>\r\n                                    <\/div>\r\n                                                            <\/div>\r\n                        <\/div>\r\n                    <\/div>\r\n                <\/div>\r\n                            <div class=\"grid-item col-xl-6 col-lg-6 col-md-6 col-sm-6 col-12 filter-category-55\">\r\n                    <div class=\"grid-item-inner wow fadeInUp\">\r\n                                                    <div class=\"entry-featured\">\r\n                                <a href=\"https:\/\/www.qualitydiseno.com\/en\/14-tendencias-de-diseno-web-en-2021\/\"><img decoding=\"async\" class=\"disable-lazy no-lazyload\" src=\"https:\/\/www.qualitydiseno.com\/wp-content\/uploads\/2019\/11\/14-tendencias-de-diseno-web-en-2021-600x414.jpg\" width=\"600\" height=\"414\" alt=\"14 web design trends in 2021\" title=\"14 web design trends in 2021\" \/><\/a>\r\n                            <\/div>\r\n                                                <div class=\"entry-body\">\r\n                            <div class=\"entry-holder\">\r\n                                                                    <ul class=\"entry-meta\">\r\n                                                                                    <li class=\"item-date\"><i class=\"fac fac-calendar-alt\"><\/i>February 10, 2021<\/li>\r\n                                                                                                                            <li class=\"item-author\">\r\n                                                <a href=\"https:\/\/www.qualitydiseno.com\/en\/author\/admin\/\"><i class=\"fac fac-user\"><\/i>Admin<\/a><\/li>\r\n                                                                            <\/ul>\r\n                                                                <h3 class=\"entry-title\"><a href=\"https:\/\/www.qualitydiseno.com\/en\/14-tendencias-de-diseno-web-en-2021\/\">14 web design trends in 2021<\/a><\/h3>\r\n                                                                    <div class=\"entry-readmore\">\r\n                                        <a href=\"https:\/\/www.qualitydiseno.com\/en\/14-tendencias-de-diseno-web-en-2021\/\">\r\n                                            Read more                                            <i class=\"fac fac-angle-double-right space-left\"><\/i>\r\n                                        <\/a>\r\n                                    <\/div>\r\n                                                            <\/div>\r\n                        <\/div>\r\n                    <\/div>\r\n                <\/div>\r\n                            <div class=\"grid-item col-xl-6 col-lg-6 col-md-6 col-sm-6 col-12 filter-category-56\">\r\n                    <div class=\"grid-item-inner wow fadeInUp\">\r\n                                                    <div class=\"entry-featured\">\r\n                                <a href=\"https:\/\/www.qualitydiseno.com\/en\/la-seguridad-en-videollamadas\/\"><img loading=\"lazy\" decoding=\"async\" class=\"disable-lazy no-lazyload\" src=\"https:\/\/www.qualitydiseno.com\/wp-content\/uploads\/2019\/11\/La-seguridad-en-Videollamas-600x414.jpg\" width=\"600\" height=\"414\" alt=\"Video-Call-Security\" title=\"Video-Call-Security\" \/><\/a>\r\n                            <\/div>\r\n                                                <div class=\"entry-body\">\r\n                            <div class=\"entry-holder\">\r\n                                                                    <ul class=\"entry-meta\">\r\n                                                                                    <li class=\"item-date\"><i class=\"fac fac-calendar-alt\"><\/i>September 9, 2020<\/li>\r\n                                                                                                                            <li class=\"item-author\">\r\n                                                <a href=\"https:\/\/www.qualitydiseno.com\/en\/author\/admin\/\"><i class=\"fac fac-user\"><\/i>Admin<\/a><\/li>\r\n                                                                            <\/ul>\r\n                                                                <h3 class=\"entry-title\"><a href=\"https:\/\/www.qualitydiseno.com\/en\/la-seguridad-en-videollamadas\/\">Security in Video Calls<\/a><\/h3>\r\n                                                                    <div class=\"entry-readmore\">\r\n                                        <a href=\"https:\/\/www.qualitydiseno.com\/en\/la-seguridad-en-videollamadas\/\">\r\n                                            Read more                                            <i class=\"fac fac-angle-double-right space-left\"><\/i>\r\n                                        <\/a>\r\n                                    <\/div>\r\n                                                            <\/div>\r\n                        <\/div>\r\n                    <\/div>\r\n                <\/div>\r\n                            <div class=\"grid-item col-xl-6 col-lg-6 col-md-6 col-sm-6 col-12 filter-category-57 filter-category-56\">\r\n                    <div class=\"grid-item-inner wow fadeInUp\">\r\n                                                    <div class=\"entry-featured\">\r\n                                <a href=\"https:\/\/www.qualitydiseno.com\/en\/la-publicidad-en-video-la-cual-es-mas-efectiva\/\"><img loading=\"lazy\" decoding=\"async\" class=\"disable-lazy no-lazyload\" src=\"https:\/\/www.qualitydiseno.com\/wp-content\/uploads\/2019\/11\/Publicidad-en-video-la-cual-es-mas-efectiva-600x414.png\" width=\"600\" height=\"414\" alt=\"video advertising, which is more effective\" title=\"video advertising, which is more effective\" \/><\/a>\r\n                            <\/div>\r\n                                                <div class=\"entry-body\">\r\n                            <div class=\"entry-holder\">\r\n                                                                    <ul class=\"entry-meta\">\r\n                                                                                    <li class=\"item-date\"><i class=\"fac fac-calendar-alt\"><\/i>August 5, 2020<\/li>\r\n                                                                                                                            <li class=\"item-author\">\r\n                                                <a href=\"https:\/\/www.qualitydiseno.com\/en\/author\/admin\/\"><i class=\"fac fac-user\"><\/i>Admin<\/a><\/li>\r\n                                                                            <\/ul>\r\n                                                                <h3 class=\"entry-title\"><a href=\"https:\/\/www.qualitydiseno.com\/en\/la-publicidad-en-video-la-cual-es-mas-efectiva\/\">Video advertising, which is more effective<\/a><\/h3>\r\n                                                                    <div class=\"entry-readmore\">\r\n                                        <a href=\"https:\/\/www.qualitydiseno.com\/en\/la-publicidad-en-video-la-cual-es-mas-efectiva\/\">\r\n                                            Read more                                            <i class=\"fac fac-angle-double-right space-left\"><\/i>\r\n                                        <\/a>\r\n                                    <\/div>\r\n                                                            <\/div>\r\n                        <\/div>\r\n                    <\/div>\r\n                <\/div>\r\n                <\/div>\r\n        <\/div>\t\t\t\t<\/div>\n\t\t\t\t<\/div>\n\t\t            <\/div>\n        <\/div>\n                    <\/div>\n        <\/section>\n        \t\t<\/div>","protected":false},"excerpt":{"rendered":"<p>Damos a conocer las noticias mas recientes y novedades en la innovaci\u00f3n de tecnolog\u00edas de la informaci\u00f3n y comunicaciones. No olvides comentar nuestros post. 7 febrero, 2022 Admin Con la pr\u00f3xima versi\u00f3n de Chrome 99 podr\u00e1s firmar a mano documentos sin plugins externos Read more 7 enero, 2022 Admin Relaci\u00f3n Del SEO Y Hosting Web [&hellip;]<\/p>\n","protected":false},"author":1,"featured_media":0,"parent":0,"menu_order":0,"comment_status":"closed","ping_status":"closed","template":"","meta":{"rs_blank_template":"","rs_page_bg_color":"","slide_template_v7":"","footnotes":""},"yst_prominent_words":[],"class_list":["post-7022","page","type-page","status-publish","hentry"],"_links":{"self":[{"href":"https:\/\/www.qualitydiseno.com\/en\/wp-json\/wp\/v2\/pages\/7022","targetHints":{"allow":["GET"]}}],"collection":[{"href":"https:\/\/www.qualitydiseno.com\/en\/wp-json\/wp\/v2\/pages"}],"about":[{"href":"https:\/\/www.qualitydiseno.com\/en\/wp-json\/wp\/v2\/types\/page"}],"author":[{"embeddable":true,"href":"https:\/\/www.qualitydiseno.com\/en\/wp-json\/wp\/v2\/users\/1"}],"replies":[{"embeddable":true,"href":"https:\/\/www.qualitydiseno.com\/en\/wp-json\/wp\/v2\/comments?post=7022"}],"version-history":[{"count":0,"href":"https:\/\/www.qualitydiseno.com\/en\/wp-json\/wp\/v2\/pages\/7022\/revisions"}],"wp:attachment":[{"href":"https:\/\/www.qualitydiseno.com\/en\/wp-json\/wp\/v2\/media?parent=7022"}],"wp:term":[{"taxonomy":"yst_prominent_words","embeddable":true,"href":"https:\/\/www.qualitydiseno.com\/en\/wp-json\/wp\/v2\/yst_prominent_words?post=7022"}],"curies":[{"name":"wp","href":"https:\/\/api.w.org\/{rel}","templated":true}]}}